{"id":22,"date":"2024-08-13T15:08:01","date_gmt":"2024-08-13T15:08:01","guid":{"rendered":"https:\/\/netti.skaalaakatemia.fi\/?page_id=22"},"modified":"2024-08-13T15:11:18","modified_gmt":"2024-08-13T15:11:18","slug":"super-salainen-sivu","status":"publish","type":"page","link":"https:\/\/netti.skaalaakatemia.fi\/index.php\/super-salainen-sivu\/","title":{"rendered":"Super salainen sivu"},"content":{"rendered":"<div class=\"swpm-post-not-logged-in-msg\">You need to be logged in to view this content. Please <a class=\"swpm-login-link\" href=\"https:\/\/netti.skaalaakatemia.fi\/index.php\/membership-login\/\">Log In<\/a>. Eik\u00f6 sinulla ole tunnuksia? <a href=\"https:\/\/netti.skaalaakatemia.fi\/index.php\/membership-join\/\">Luo tunnukset t\u00e4\u00e4ll\u00e4<\/a><\/div>","protected":false},"excerpt":{"rendered":"<p>You need to be logged in to view this content. Please Log In. Eik\u00f6 sinulla ole tunnuksia? Luo tunnukset t\u00e4\u00e4ll\u00e4<\/p>\n","protected":false},"author":1,"featured_media":0,"parent":0,"menu_order":0,"comment_status":"closed","ping_status":"closed","template":"","meta":{"footnotes":""},"class_list":["post-22","page","type-page","status-publish","hentry"],"_links":{"self":[{"href":"https:\/\/netti.skaalaakatemia.fi\/index.php\/wp-json\/wp\/v2\/pages\/22","targetHints":{"allow":["GET"]}}],"collection":[{"href":"https:\/\/netti.skaalaakatemia.fi\/index.php\/wp-json\/wp\/v2\/pages"}],"about":[{"href":"https:\/\/netti.skaalaakatemia.fi\/index.php\/wp-json\/wp\/v2\/types\/page"}],"author":[{"embeddable":true,"href":"https:\/\/netti.skaalaakatemia.fi\/index.php\/wp-json\/wp\/v2\/users\/1"}],"replies":[{"embeddable":true,"href":"https:\/\/netti.skaalaakatemia.fi\/index.php\/wp-json\/wp\/v2\/comments?post=22"}],"version-history":[{"count":2,"href":"https:\/\/netti.skaalaakatemia.fi\/index.php\/wp-json\/wp\/v2\/pages\/22\/revisions"}],"predecessor-version":[{"id":24,"href":"https:\/\/netti.skaalaakatemia.fi\/index.php\/wp-json\/wp\/v2\/pages\/22\/revisions\/24"}],"wp:attachment":[{"href":"https:\/\/netti.skaalaakatemia.fi\/index.php\/wp-json\/wp\/v2\/media?parent=22"}],"curies":[{"name":"wp","href":"https:\/\/api.w.org\/{rel}","templated":true}]}}